{"id":32,"date":"2024-01-13T15:43:28","date_gmt":"2024-01-13T14:43:28","guid":{"rendered":"https:\/\/privati.mybun.it\/?page_id=32"},"modified":"2024-03-15T14:07:55","modified_gmt":"2024-03-15T13:07:55","slug":"home","status":"publish","type":"page","link":"https:\/\/mybun.it\/privati\/","title":{"rendered":"Home"},"content":{"rendered":"<div class=\"bde-globalblock-32-141 bde-globalblock\"><div class=\"bde-div-15-110-15-1 bde-div bde-div-15-110\">\n  \n  \n\t\n\n\n\n<h2 class=\"bde-heading-15-108-15-1 bde-heading bde-heading-15-108\">\nSEZIONE RISERVATA AI PRIVATI\n<\/h2>\n<\/div><header id=\"siteHeader\" class=\"bde-header-builder-15-100-15-1 bde-header-builder bde-header-builder-15-100 bde-header-builder--sticky-scroll-slide\">\n<div class=\"bde-header-builder__header-builder-border-top\"><\/div>\n\n<div class=\"bde-header-builder__container\"><div class=\"bde-div-15-101-15-1 bde-div bde-div-15-101\">\n  \n  \n\t\n\n\n\n<div class=\"bde-icon-15-102-15-1 bde-icon bde-icon-15-102\">\n\n    \n                    \n            \n            \n\n    \n    \n    \n    \n    \n    <a class=\"breakdance-link bde-icon-icon breakdance-icon-atom\" href=\"https:\/\/privati.mybun.it\/\" target=\"_self\" data-type=\"url\"  >\n\n    \n                    <svg xmlns=\"http:\/\/www.w3.org\/2000\/svg\" version=\"1.0\" width=\"125px\" height=\"79px\" viewBox=\"0 0 125 79\" preserveAspectRatio=\"xMidYMid meet\">\r\n <g fill=\"#0f4def\">\r\n  <path d=\"M18.10 78.25 c-8.80 -2.15 -14.30 -8.45 -12.60 -14.45 1.15 -4.20 5.40 -7.75 9.30 -7.80 2.15 0 4.95 1.25 5.90 2.60 1.50 2.10 1 3.75 -1.95 6.85 -2.90 3.05 -3.35 4.35 -1.85 5.70 2.25 2.05 6.75 0.45 11.35 -4 3.70 -3.60 5.10 -5.80 10.20 -15.80 6.55 -12.80 8.40 -15.70 12.40 -19.75 0.90 -0.90 1.65 -1.85 1.65 -2.10 0 -0.90 -5.75 -0.55 -9.05 0.55 -4.20 1.35 -6.60 2.70 -9.85 5.35 -3.35 2.80 -4.70 5.35 -4.75 9.15 -0.10 3.40 0.95 4.90 4.20 5.95 2.35 0.80 3 2.35 1.75 4.25 -0.70 1.05 -1.20 1.25 -3.15 1.25 -5.70 0 -9.90 -6.95 -8.15 -13.60 1.30 -5.10 3.90 -8.45 9.50 -12.10 6.25 -4.10 10.70 -5.30 19.70 -5.30 5.60 0 6.95 -0.15 8.70 -1 2.15 -1.05 5.10 -1.35 5.10 -0.50 0 0.55 -2 2.50 -2.60 2.50 -1 0 -0.20 0.85 1.90 1.95 2.95 1.60 5.90 5 6.70 7.70 0.55 2 0.45 2.50 -0.50 4.75 -0.60 1.45 -2 3.40 -3.05 4.35 -1.10 0.95 -1.95 1.95 -1.95 2.15 0 0.25 0.65 0.90 1.40 1.45 0.80 0.60 1.85 1.85 2.30 2.85 0.45 1 0.95 1.80 1.05 1.80 0.10 0 1.10 -1.85 2.20 -4.10 1.15 -2.30 2.60 -4.80 3.30 -5.65 3.35 -3.90 3.80 -4.25 5.75 -4.25 1.05 0 2.10 0.20 2.25 0.50 0.15 0.25 -0.85 1.95 -2.25 3.80 -3.45 4.50 -4.95 7.65 -5.30 11.05 -0.45 4.80 1.55 6.95 4.15 4.55 2.60 -2.40 6.30 -8.70 7.25 -12.25 0.20 -0.90 0.60 -2.50 0.90 -3.50 1.70 -6.35 2.90 -16.10 2.25 -18.15 -0.30 -0.95 -0.50 -0.90 -2.60 1 -4.25 3.75 -8.75 3.20 -11.10 -1.35 -0.30 -0.60 -0.55 -2 -0.55 -3.10 0 -2.35 -0.35 -2.50 -2.35 -0.90 -2.85 2.30 -6.05 3 -7.75 1.65 -1 -0.75 -1.20 -5.10 -0.40 -8.55 0.25 -1.10 0.25 -2.20 0.05 -2.40 -0.65 -0.65 -3.30 2.35 -4.05 4.65 -0.90 2.65 -3.60 5 -5.85 5 -1.85 0 -1.75 0.25 -1.65 -5.35 0.05 -2.05 -0.15 -3.65 -0.40 -3.65 -0.60 0 -3.35 3 -6.05 6.70 -2.50 3.35 -3.30 3.80 -4.65 2.45 -0.95 -0.95 -0.95 -1.15 -0.20 -4.70 1 -4.80 2.50 -9.45 4.10 -12.80 l1.30 -2.65 2.45 0 c2.80 0 3.10 0.65 1.50 2.90 -1.55 2.20 -3.10 5.20 -2.85 5.45 0.15 0.15 1.20 -0.50 2.30 -1.50 1.15 -0.95 2.55 -1.85 3.15 -2 0.60 -0.10 1.45 -0.40 1.90 -0.55 0.55 -0.25 1.45 0.15 2.65 1.20 1.75 1.55 1.85 1.60 3.45 0.85 3.05 -1.45 6.40 -2.40 7.35 -2.10 1.45 0.45 1.75 2.40 1.10 7.20 -0.30 2.35 -0.45 4.35 -0.35 4.50 0.15 0.10 1.20 -0.65 2.40 -1.80 1.15 -1.10 2.50 -2.15 3 -2.30 0.45 -0.20 1.15 -0.95 1.45 -1.70 0.95 -2.20 1.95 -3.15 3.40 -3.15 2.35 0 2.70 1.05 1.45 3.85 -1.50 3.20 -1.90 8.65 -0.75 10.40 1.15 1.75 2.10 1.55 4.55 -0.90 3.70 -3.65 4.25 -9.50 1.40 -14.80 l-1.40 -2.55 1.65 -1.55 c1.95 -1.80 2.95 -1.75 4.15 0.40 2.70 4.80 3.95 11.20 3.95 20.10 0 9 -1.30 17.05 -4.10 25.20 -0.55 1.60 -0.90 3.05 -0.75 3.15 0.15 0.15 0.85 -0.95 1.60 -2.50 1.35 -2.75 2.65 -3.75 5.85 -4.55 2.25 -0.55 2.15 0.75 -0.35 4.45 -2.30 3.45 -2.65 4.30 -1.75 4.30 0.30 0 0.50 -0.20 0.50 -0.40 0 -0.40 5.70 -3.90 8.20 -4.95 4.10 -1.85 5.05 -0.10 3.15 5.75 -1.60 4.85 -2.15 8.35 -1.40 8.85 0.75 0.40 3.35 -1.20 5.50 -3.45 1.85 -1.90 3.50 -2.30 4.50 -1.10 1.80 2.15 -6.75 10.30 -10.75 10.30 -1.80 0 -3.90 -1.20 -4.70 -2.80 -0.45 -0.80 -0.75 -2.75 -0.75 -4.80 0 -1.85 -0.20 -3.40 -0.45 -3.40 -0.95 0 -5.75 4.15 -8.10 6.95 -2.85 3.45 -4.10 4.20 -5.35 3.30 -0.90 -0.65 -1.10 -2.75 -0.40 -4.15 1.25 -2.50 1.70 -3.65 1.45 -3.90 -0.15 -0.15 -0.75 0.50 -1.30 1.40 -2.80 4.50 -7.40 7.45 -11.75 7.55 -2.75 0.10 -3.05 -0.05 -4.40 -1.55 -0.80 -0.90 -1.45 -2.15 -1.45 -2.75 0 -1.95 -0.60 -1.95 -1.90 0 -4.40 6.45 -11.60 10.30 -19.35 10.30 -4.45 0.05 -6.50 -0.70 -8.85 -3.30 l-1.40 -1.45 -2.95 2.70 c-3.45 3.20 -7.35 5.25 -11.95 6.20 -1.85 0.40 -3.45 0.70 -3.60 0.65 -0.15 -0.05 -1.45 -0.35 -2.90 -0.70z m36.60 -13.40 c3.70 -2.50 5.80 -7.30 4.75 -10.85 -0.85 -2.80 -2.40 -4.30 -4.90 -4.75 -2.15 -0.35 -3.30 -1.55 -2.75 -2.95 0.30 -0.75 2.05 -1.40 5.80 -2 1.35 -0.25 2.35 -0.90 3.65 -2.40 1.55 -1.85 1.75 -2.40 1.75 -4.90 0 -2.30 -0.20 -3 -1.10 -3.85 -2.40 -2.20 -3.10 -2.25 -4.95 -0.50 -2.75 2.55 -4.75 5.40 -6.85 9.65 -1.90 3.80 -4.40 12.05 -3.85 12.60 0.15 0.15 1.15 -0.20 2.20 -0.80 2.20 -1.25 6.05 -1.50 6.05 -0.45 0 0.90 -1.35 2.05 -3.40 2.85 -2.40 0.95 -5.10 4.30 -5.10 6.30 0 3.70 4.70 4.80 8.70 2.05z m38.30 -12.15 c0 -0.40 -0.20 -0.60 -0.50 -0.45 -0.25 0.15 -0.50 0.65 -0.50 1.05 0 0.40 0.25 0.60 0.50 0.45 0.30 -0.15 0.50 -0.65 0.50 -1.05z\"\/>\r\n <\/g>\r\n<\/svg>\n        \n        \n        \n                <\/a>\n\n    \n\n\n<\/div><div class=\"bde-menu-15-103-15-1 bde-menu bde-menu-15-103\">\n\n\n      \n        \n    <nav class=\"breakdance-menu breakdance-menu--collapse    \">\n    <button class=\"breakdance-menu-toggle breakdance-menu-toggle--squeeze\" type=\"button\" aria-label=\"Open Menu\" aria-expanded=\"false\" aria-controls=\"menu-103\">\n                  <span class=\"breakdance-menu-toggle-icon\">\n            <span class=\"breakdance-menu-toggle-lines\"><\/span>\n          <\/span>\n            <\/button>\n    \n  <ul class=\"breakdance-menu-list\" id=\"menu-103\">\n              \n  \n    <li class=\"breakdance-menu-item-15-104-15-1 breakdance-menu-item breakdance-menu-item-15-104\">\n        \n            \n            \n\n    \n    \n    \n    \n    \n    <a class=\"breakdance-link breakdance-menu-link\" href=\"https:\/\/mybun.it\/privati\/\" target=\"_self\" data-type=\"url\"  >\n  HOME\n    <\/a>\n\n<\/li><li class=\"breakdance-menu-item-15-106-15-1 breakdance-menu-item breakdance-menu-item-15-106\">\n        \n            \n            \n\n    \n    \n    \n    \n    \n    <a class=\"breakdance-link breakdance-menu-link\" href=\"https:\/\/mybun.it\/privati\/negozio\/\" target=\"_self\" data-type=\"url\"  >\n  ORDINA I BUN\n    <\/a>\n\n<\/li><li class=\"breakdance-menu-item-15-113-15-1 breakdance-menu-item breakdance-menu-item-15-113\">\n        \n            \n            \n\n    \n    \n    \n    \n    \n    <a class=\"breakdance-link breakdance-menu-link\" href=\"https:\/\/mybun.it\/privati\/contattaci\/\" target=\"_self\" data-type=\"url\"  >\n  CONTATTACI\n    <\/a>\n\n<\/li><li class=\"breakdance-menu-item-15-116-15-1 breakdance-menu-item breakdance-menu-item-15-116\">\n        \n            \n            \n\n    \n    \n    \n    \n    \n    <a class=\"breakdance-link breakdance-menu-link\" href=\"https:\/\/mybun.it\/privati\/mio-account\/\" target=\"_self\" data-type=\"url\"  >\n  IL MIO ACCOUNT\n    <\/a>\n\n<\/li><li class=\"breakdance-menu-item-15-114-15-1 breakdance-menu-item breakdance-menu-item-15-114\">\n        \n            \n            \n\n    \n    \n    \n    \n    \n    <a class=\"breakdance-link breakdance-menu-link\" href=\"https:\/\/mybun.it\/\" target=\"_self\" data-type=\"url\"  >\n  AZIENDE\n    <\/a>\n\n<\/li>\n  <\/ul>\n  <\/nav>\n\n\n<\/div>\n<\/div><div class=\"bde-mini-cart-15-128-15-1 bde-mini-cart bde-mini-cart-15-128 breakdance-woocommerce\"><!-- Cart is not available -->\r\n<\/div><\/div>\n\n<div class=\"bde-header-builder__header-builder-border-bottom\"><\/div>\n\n<\/header><\/div><section class=\"bde-section-32-100 bde-section\">\n  \n  \n\t\n\n\n\n<div class=\"section-container\"><div class=\"bde-div-32-101 bde-div\">\n  \n  \n\t\n\n\n\n<div class=\"bde-image-32-102 bde-image\">\n<figure class=\"breakdance-image breakdance-image--40852\">\n\t<div class=\"breakdance-image-container\">\n\t\t<div class=\"breakdance-image-clip\"><img decoding=\"async\" class=\"breakdance-image-object lazyload\" data-src=\"https:\/\/mybun.it\/wp-content\/uploads\/2023\/06\/logo-mybun.webp\" width=\"248\" height=\"157\" data-sizes=\"(max-width: 248px) 100vw, 248px\" src=\"data:image\/svg+xml;base64,PHN2ZyB3aWR0aD0iMSIgaGVpZ2h0PSIxIiB4bWxucz0iaHR0cDovL3d3dy53My5vcmcvMjAwMC9zdmciPjwvc3ZnPg==\" style=\"--smush-placeholder-width: 248px; --smush-placeholder-aspect-ratio: 248\/157;\"><\/div>\n\t<\/div><\/figure>\n\n<\/div><h1 class=\"bde-heading-32-103 bde-heading\">\nBenvenuto nella Rivoluzione del gusto per i tuoi momenti con gli amici!\n<\/h1><h2 class=\"bde-heading-32-104 bde-heading\">\nSe ami organizzare serate con i tuoi amici e vuoi offrire qualcosa di speciale, il nostro assortimento \u00e8 ci\u00f2 che fa per te. <br><br>I nostri panini si distinguono per un gusto straordinario e una praticit\u00e0 senza eguali, perfetti per ogni tuo incontro formale o informale.\n<\/h2><h2 class=\"bde-heading-32-105 bde-heading\">\nProva il vero sapore dell'amicizia con i panini myBun!\n<\/h2>\n<\/div><\/div>\n<\/section><section class=\"bde-section-32-106 bde-section\">\n  \n  \n\t\n\n\n\n<div class=\"section-container\"><div class=\"bde-div-32-107 bde-div\">\n  \n  \n\t\n\n\n\n<div class=\"bde-advancedslider-32-108 bde-advancedslider\">\n<div class=\"breakdance-swiper-wrapper\" data-swiper-id=\"108\">\n  <div class=\"swiper\">\n    <div class=\"swiper-wrapper\">\n      <div class=\"bde-advancedslide-32-109 bde-advancedslide swiper-slide\"><div class=\"advanced-slider__slide\">\r\n  <div class=\"bde-image-box-32-110 bde-image-box bde-image-box-content-padding-only\">\n<div class=\"ee-imagebox-image\">\n  <img decoding=\"async\" class=\"breakdance-image-object lazyload\" data-src=\"https:\/\/mybun.it\/wp-content\/uploads\/2023\/06\/CALSSICO_intero.png\" width=\"2500\" height=\"1500\" data-srcset=\"https:\/\/mybun.it\/wp-content\/uploads\/2023\/06\/CALSSICO_intero.png 2500w, https:\/\/mybun.it\/wp-content\/uploads\/2023\/06\/CALSSICO_intero-300x180.png 300w, https:\/\/mybun.it\/wp-content\/uploads\/2023\/06\/CALSSICO_intero-1024x614.png 1024w, https:\/\/mybun.it\/wp-content\/uploads\/2023\/06\/CALSSICO_intero-768x461.png 768w, https:\/\/mybun.it\/wp-content\/uploads\/2023\/06\/CALSSICO_intero-1536x922.png 1536w, https:\/\/mybun.it\/wp-content\/uploads\/2023\/06\/CALSSICO_intero-2048x1229.png 2048w, https:\/\/mybun.it\/wp-content\/uploads\/2023\/06\/CALSSICO_intero-600x360.png 600w\" data-sizes=\"(max-width: 2500px) 100vw, 2500px\" src=\"data:image\/svg+xml;base64,PHN2ZyB3aWR0aD0iMSIgaGVpZ2h0PSIxIiB4bWxucz0iaHR0cDovL3d3dy53My5vcmcvMjAwMC9zdmciPjwvc3ZnPg==\" style=\"--smush-placeholder-width: 2500px; --smush-placeholder-aspect-ratio: 2500\/1500;\">\n<\/div>\n<div class=\"ee-imagebox-content\">\n      <p class=\"ee-imagebox-title bde-h3\" >myBun Classico<\/p>\n    \n    \n  <\/div>\n\n<\/div>\r\n<\/div><\/div><div class=\"bde-advancedslide-32-111 bde-advancedslide swiper-slide\"><div class=\"advanced-slider__slide\">\r\n  <div class=\"bde-image-box-32-112 bde-image-box\">\n<div class=\"ee-imagebox-image\">\n  <img decoding=\"async\" class=\"breakdance-image-object lazyload\" data-src=\"https:\/\/mybun.it\/wp-content\/uploads\/2023\/06\/CEREALI_intero.png\" width=\"2500\" height=\"1500\" data-srcset=\"https:\/\/mybun.it\/wp-content\/uploads\/2023\/06\/CEREALI_intero.png 2500w, https:\/\/mybun.it\/wp-content\/uploads\/2023\/06\/CEREALI_intero-300x180.png 300w, https:\/\/mybun.it\/wp-content\/uploads\/2023\/06\/CEREALI_intero-1024x614.png 1024w, https:\/\/mybun.it\/wp-content\/uploads\/2023\/06\/CEREALI_intero-768x461.png 768w, https:\/\/mybun.it\/wp-content\/uploads\/2023\/06\/CEREALI_intero-1536x922.png 1536w, https:\/\/mybun.it\/wp-content\/uploads\/2023\/06\/CEREALI_intero-2048x1229.png 2048w, https:\/\/mybun.it\/wp-content\/uploads\/2023\/06\/CEREALI_intero-600x360.png 600w\" data-sizes=\"(max-width: 2500px) 100vw, 2500px\" src=\"data:image\/svg+xml;base64,PHN2ZyB3aWR0aD0iMSIgaGVpZ2h0PSIxIiB4bWxucz0iaHR0cDovL3d3dy53My5vcmcvMjAwMC9zdmciPjwvc3ZnPg==\" style=\"--smush-placeholder-width: 2500px; --smush-placeholder-aspect-ratio: 2500\/1500;\">\n<\/div>\n<div class=\"ee-imagebox-content\">\n      <p class=\"ee-imagebox-title bde-h3\" >myBun con Cereali Antichi<\/p>\n    \n    \n  <\/div>\n\n<\/div>\r\n<\/div><\/div><div class=\"bde-advancedslide-32-113 bde-advancedslide swiper-slide\"><div class=\"advanced-slider__slide\">\r\n  <div class=\"bde-image-box-32-114 bde-image-box\">\n<div class=\"ee-imagebox-image\">\n  <img decoding=\"async\" class=\"breakdance-image-object lazyload\" data-src=\"https:\/\/mybun.it\/wp-content\/uploads\/2023\/06\/MY_BUN_CORN_intero.png\" width=\"1250\" height=\"750\" data-srcset=\"https:\/\/mybun.it\/wp-content\/uploads\/2023\/06\/MY_BUN_CORN_intero.png 1250w, https:\/\/mybun.it\/wp-content\/uploads\/2023\/06\/MY_BUN_CORN_intero-300x180.png 300w, https:\/\/mybun.it\/wp-content\/uploads\/2023\/06\/MY_BUN_CORN_intero-1024x614.png 1024w, https:\/\/mybun.it\/wp-content\/uploads\/2023\/06\/MY_BUN_CORN_intero-768x461.png 768w, https:\/\/mybun.it\/wp-content\/uploads\/2023\/06\/MY_BUN_CORN_intero-600x360.png 600w\" data-sizes=\"(max-width: 1250px) 100vw, 1250px\" src=\"data:image\/svg+xml;base64,PHN2ZyB3aWR0aD0iMSIgaGVpZ2h0PSIxIiB4bWxucz0iaHR0cDovL3d3dy53My5vcmcvMjAwMC9zdmciPjwvc3ZnPg==\" style=\"--smush-placeholder-width: 1250px; --smush-placeholder-aspect-ratio: 1250\/750;\">\n<\/div>\n<div class=\"ee-imagebox-content\">\n      <p class=\"ee-imagebox-title bde-h3\" >myBun con Mais<\/p>\n    \n    \n  <\/div>\n\n<\/div>\r\n<\/div><\/div><div class=\"bde-advancedslide-32-115 bde-advancedslide swiper-slide\"><div class=\"advanced-slider__slide\">\r\n  <div class=\"bde-image-box-32-116 bde-image-box\">\n<div class=\"ee-imagebox-image\">\n  <img decoding=\"async\" class=\"breakdance-image-object lazyload\" data-src=\"https:\/\/mybun.it\/wp-content\/uploads\/2023\/06\/CACAO_-intero.png\" width=\"2500\" height=\"1500\" data-srcset=\"https:\/\/mybun.it\/wp-content\/uploads\/2023\/06\/CACAO_-intero.png 2500w, https:\/\/mybun.it\/wp-content\/uploads\/2023\/06\/CACAO_-intero-300x180.png 300w, https:\/\/mybun.it\/wp-content\/uploads\/2023\/06\/CACAO_-intero-1024x614.png 1024w, https:\/\/mybun.it\/wp-content\/uploads\/2023\/06\/CACAO_-intero-768x461.png 768w, https:\/\/mybun.it\/wp-content\/uploads\/2023\/06\/CACAO_-intero-1536x922.png 1536w, https:\/\/mybun.it\/wp-content\/uploads\/2023\/06\/CACAO_-intero-2048x1229.png 2048w, https:\/\/mybun.it\/wp-content\/uploads\/2023\/06\/CACAO_-intero-600x360.png 600w\" data-sizes=\"(max-width: 2500px) 100vw, 2500px\" src=\"data:image\/svg+xml;base64,PHN2ZyB3aWR0aD0iMSIgaGVpZ2h0PSIxIiB4bWxucz0iaHR0cDovL3d3dy53My5vcmcvMjAwMC9zdmciPjwvc3ZnPg==\" style=\"--smush-placeholder-width: 2500px; --smush-placeholder-aspect-ratio: 2500\/1500;\">\n<\/div>\n<div class=\"ee-imagebox-content\">\n      <p class=\"ee-imagebox-title bde-h3\" >myBun con Cacao<\/p>\n    \n    \n  <\/div>\n\n<\/div>\r\n<\/div><\/div><div class=\"bde-advancedslide-32-117 bde-advancedslide swiper-slide\"><div class=\"advanced-slider__slide\">\r\n  <div class=\"bde-image-box-32-118 bde-image-box\">\n<div class=\"ee-imagebox-image\">\n  <img decoding=\"async\" class=\"breakdance-image-object lazyload\" data-src=\"https:\/\/mybun.it\/wp-content\/uploads\/2023\/06\/HOT_intero.png\" width=\"2500\" height=\"1500\" data-srcset=\"https:\/\/mybun.it\/wp-content\/uploads\/2023\/06\/HOT_intero.png 2500w, https:\/\/mybun.it\/wp-content\/uploads\/2023\/06\/HOT_intero-300x180.png 300w, https:\/\/mybun.it\/wp-content\/uploads\/2023\/06\/HOT_intero-1024x614.png 1024w, https:\/\/mybun.it\/wp-content\/uploads\/2023\/06\/HOT_intero-768x461.png 768w, https:\/\/mybun.it\/wp-content\/uploads\/2023\/06\/HOT_intero-1536x922.png 1536w, https:\/\/mybun.it\/wp-content\/uploads\/2023\/06\/HOT_intero-2048x1229.png 2048w, https:\/\/mybun.it\/wp-content\/uploads\/2023\/06\/HOT_intero-600x360.png 600w\" data-sizes=\"(max-width: 2500px) 100vw, 2500px\" src=\"data:image\/svg+xml;base64,PHN2ZyB3aWR0aD0iMSIgaGVpZ2h0PSIxIiB4bWxucz0iaHR0cDovL3d3dy53My5vcmcvMjAwMC9zdmciPjwvc3ZnPg==\" style=\"--smush-placeholder-width: 2500px; --smush-placeholder-aspect-ratio: 2500\/1500;\">\n<\/div>\n<div class=\"ee-imagebox-content\">\n      <p class=\"ee-imagebox-title bde-h3\" >myBun Allungato<\/p>\n    \n    \n  <\/div>\n\n<\/div>\r\n<\/div><\/div><div class=\"bde-advancedslide-32-119 bde-advancedslide swiper-slide\"><div class=\"advanced-slider__slide\">\r\n  <div class=\"bde-image-box-32-120 bde-image-box\">\n<div class=\"ee-imagebox-image\">\n  <img decoding=\"async\" class=\"breakdance-image-object lazyload\" data-src=\"https:\/\/mybun.it\/wp-content\/uploads\/2023\/06\/PICCOLO_intero.png\" width=\"2500\" height=\"1500\" data-srcset=\"https:\/\/mybun.it\/wp-content\/uploads\/2023\/06\/PICCOLO_intero.png 2500w, https:\/\/mybun.it\/wp-content\/uploads\/2023\/06\/PICCOLO_intero-300x180.png 300w, https:\/\/mybun.it\/wp-content\/uploads\/2023\/06\/PICCOLO_intero-1024x614.png 1024w, https:\/\/mybun.it\/wp-content\/uploads\/2023\/06\/PICCOLO_intero-768x461.png 768w, https:\/\/mybun.it\/wp-content\/uploads\/2023\/06\/PICCOLO_intero-1536x922.png 1536w, https:\/\/mybun.it\/wp-content\/uploads\/2023\/06\/PICCOLO_intero-2048x1229.png 2048w, https:\/\/mybun.it\/wp-content\/uploads\/2023\/06\/PICCOLO_intero-600x360.png 600w\" data-sizes=\"(max-width: 2500px) 100vw, 2500px\" src=\"data:image\/svg+xml;base64,PHN2ZyB3aWR0aD0iMSIgaGVpZ2h0PSIxIiB4bWxucz0iaHR0cDovL3d3dy53My5vcmcvMjAwMC9zdmciPjwvc3ZnPg==\" style=\"--smush-placeholder-width: 2500px; --smush-placeholder-aspect-ratio: 2500\/1500;\">\n<\/div>\n<div class=\"ee-imagebox-content\">\n      <p class=\"ee-imagebox-title bde-h3\" >myBun mini<\/p>\n    \n    \n  <\/div>\n\n<\/div>\r\n<\/div><\/div>\n    <\/div>\n  <\/div>\n\n              <div class=\"swiper-button-prev\">\n            \n        <\/div>\n        <div class=\"swiper-button-next\">\n            \n        <\/div>\n    \n            <div class=\"swiper-pagination\"><\/div>\n    \n<\/div>\n\n<\/div>\n<\/div><\/div>\n<\/section><section class=\"bde-section-32-123 bde-section\">\n  \n  \n\t\n\n\n\n<div class=\"section-container\"><div class=\"bde-div-32-124 bde-div\">\n  \n  \n\t\n\n\n\n<h2 class=\"bde-heading-32-125 bde-heading\">\nGli ingredienti che fanno la Differenza\n<\/h2><h3 class=\"bde-heading-32-126 bde-heading\">\n1. Farina di Tipo 1:\n<\/h3><h1 class=\"bde-heading-32-127 bde-heading\">\nLa nostra selezione di farina di tipo 1 garantisce una base perfetta, morbida e saporita per ogni panino.\n<\/h1><h3 class=\"bde-heading-32-128 bde-heading\">\n2. Burro Chiarificato:\n<\/h3><h1 class=\"bde-heading-32-129 bde-heading\">\nIl nostro segreto per la morbidezza e il gusto irresistibile. Il burro chiarificato rende ogni panino un'opera d'arte culinaria.\n<\/h1><h3 class=\"bde-heading-32-130 bde-heading\">\n3. Sale marino di Trapani:<br>\n<\/h3><h1 class=\"bde-heading-32-131 bde-heading\">\nDirettamente dalla Riserva Naturale di Trapani e Paceco, il nostro sale marino aggiunge una nota di autenticit\u00e0 e pregiato sapore siciliano.\n<\/h1>\n<\/div><\/div>\n<\/section><section class=\"bde-section-32-132 bde-section\">\n  \n  \n\t\n\n\n\n<div class=\"section-container\"><div class=\"bde-div-32-133 bde-div\">\n  \n  \n\t\n\n\n\n<h2 class=\"bde-heading-32-134 bde-heading\">\nPerch\u00e8 devi acquistare i nostri panini?\n<\/h2><h3 class=\"bde-heading-32-135 bde-heading\">\n1. Panini artigianali\n<\/h3><h1 class=\"bde-heading-32-136 bde-heading\">\nI nostri panini sono prodotti da artigiani.<br>Senza emulsionanti (lecitina di soia o girasole).<br>Senza miglioratori (E471, E472 ed altri).<br><br>\n<\/h1><h3 class=\"bde-heading-32-137 bde-heading\">\n2. Si conservano 35 giorni a temperatura ambiente\n<\/h3><h1 class=\"bde-heading-32-138 bde-heading\">\nAnche grazie ad un innovativo imballaggio puoi conservarli fino a 35 giorni a temperatura ambiente.<br><br>Li spediremo con almeno 20 giorni di conservazione rimanente.\n<\/h1><h3 class=\"bde-heading-32-139 bde-heading\">\n3. Consistenza incredibile\n<\/h3><h1 class=\"bde-heading-32-140 bde-heading\">\nNon si sfaldano appena li addenti.<br><br>Ogni panino \u00e8 stato progettato per mantenere la sua consistenza perfetta, regalando un'esperienza di gusto appagante ad ogni morso.\n<\/h1>\n<\/div><\/div>\n<\/section><section class=\"bde-section-32-142 bde-section\">\n  \n  \n\t\n\n\n\n        <div class=\"section-shape-divider-wrapper section-shape-divider-wrapper--1\">\n          <span class=\"section-shape-divider\">\n                      <svg\n                xmlns=\"http:\/\/www.w3.org\/2000\/svg\"\n                viewBox=\"0 0 1440 320\"\n                preserveAspectRatio=\"none\"\n            >\n              <g id=\"Diamonds-Row-V4\" stroke=\"none\" stroke-width=\"1\" fill=\"none\" fill-rule=\"evenodd\">\n                    <path d=\"M1420,140 L1440,160 L1440,320 L0,320 L0,160 L20,140 L90,210 L160,140 L230,210 L300,140 L370,210 L440,140 L510,210 L580,140 L650,210 L720,140 L790,210 L860,140 L930,210 L1000,140 L1070,210 L1140,140 L1210,210 L1280,140 L1350,210 L1420,140 Z M860,190 L840,210 L860,230 L880,210 L860,190 Z M720,190 L700,210 L720,230 L740,210 L720,190 Z M1280,190 L1260,210 L1280,230 L1300,210 L1280,190 Z M1420,190 L1400,210 L1420,230 L1440,210 L1420,190 Z M1000,190 L980,210 L1000,230 L1020,210 L1000,190 Z M1140,190 L1120,210 L1140,230 L1160,210 L1140,190 Z M440,190 L420,210 L440,230 L460,210 L440,190 Z M580,190 L560,210 L580,230 L600,210 L580,190 Z M160,190 L140,210 L160,230 L180,210 L160,190 Z M20,190 L0,210 L20,230 L40,210 L20,190 Z M300,190 L280,210 L300,230 L320,210 L300,190 Z M1350,120 L1370,140 L1350,160 L1330,140 L1350,120 Z M650,120 L670,140 L650,160 L630,140 L650,120 Z M790,120 L810,140 L790,160 L770,140 L790,120 Z M90,120 L110,140 L90,160 L70,140 L90,120 Z M930,120 L950,140 L930,160 L910,140 L930,120 Z M230,120 L250,140 L230,160 L210,140 L230,120 Z M1070,120 L1090,140 L1070,160 L1050,140 L1070,120 Z M370,120 L390,140 L370,160 L350,140 L370,120 Z M1210,120 L1230,140 L1210,160 L1190,140 L1210,120 Z M510,120 L530,140 L510,160 L490,140 L510,120 Z\" fill=\"currentColor\"><\/path>\n                <\/g>\n            <\/svg>\n                    <\/span>\n      <\/div>\n  <div class=\"section-container\"><div class=\"bde-div-32-143 bde-div\">\n  \n  \n\t\n\n\n\n<h2 class=\"bde-heading-32-144 bde-heading\">\nCome posso acquistare i panini?\n<\/h2><h3 class=\"bde-heading-32-145 bde-heading\">\nPuoi acquistare i panini per hamburger cliccando qui sotto.\n<\/h3><div class=\"bde-button-32-151 bde-button\">\n    \n                                    \n    \n    \n    \n    \n            \n                    \n            \n            \n\n    \n    \n    \n    \n    \n    <a class=\"breakdance-link button-atom button-atom--primary bde-button__button\" href=\"https:\/\/mybun.it\/privati\/negozio\/\" target=\"_self\" data-type=\"url\"  >\n\n    \n        <span class=\"button-atom__text\">ORDINA I BUN<\/span>\n\n        \n        \n                <\/a>\n\n    \n\n\n<\/div>\n<\/div><\/div>\n<\/section>","protected":false},"excerpt":{"rendered":"<p>SEZIONE RISERVATA AI PRIVATI HOME ORDINA I BUN CONTATTACI IL MIO ACCOUNT AZIENDE Benvenuto nella Rivoluzione del gusto per i tuoi momenti con gli amici! Se ami organizzare serate con i tuoi amici e vuoi offrire qualcosa di speciale, il nostro assortimento \u00e8 ci\u00f2 che fa per te. I nostri panini si distinguono per un [&hellip;]<\/p>\n","protected":false},"author":1,"featured_media":0,"parent":0,"menu_order":0,"comment_status":"closed","ping_status":"closed","template":"","meta":{"_breakdance_hide_in_design_set":false,"_breakdance_tags":"","footnotes":""},"class_list":["post-32","page","type-page","status-publish","hentry"],"_links":{"self":[{"href":"https:\/\/mybun.it\/privati\/wp-json\/wp\/v2\/pages\/32","targetHints":{"allow":["GET"]}}],"collection":[{"href":"https:\/\/mybun.it\/privati\/wp-json\/wp\/v2\/pages"}],"about":[{"href":"https:\/\/mybun.it\/privati\/wp-json\/wp\/v2\/types\/page"}],"author":[{"embeddable":true,"href":"https:\/\/mybun.it\/privati\/wp-json\/wp\/v2\/users\/1"}],"replies":[{"embeddable":true,"href":"https:\/\/mybun.it\/privati\/wp-json\/wp\/v2\/comments?post=32"}],"version-history":[{"count":5,"href":"https:\/\/mybun.it\/privati\/wp-json\/wp\/v2\/pages\/32\/revisions"}],"predecessor-version":[{"id":238,"href":"https:\/\/mybun.it\/privati\/wp-json\/wp\/v2\/pages\/32\/revisions\/238"}],"wp:attachment":[{"href":"https:\/\/mybun.it\/privati\/wp-json\/wp\/v2\/media?parent=32"}],"curies":[{"name":"wp","href":"https:\/\/api.w.org\/{rel}","templated":true}]}}