{"id":82,"date":"2024-01-15T09:28:33","date_gmt":"2024-01-15T08:28:33","guid":{"rendered":"https:\/\/privati.mybun.it\/?post_type=product&#038;p=82"},"modified":"2024-06-09T09:43:22","modified_gmt":"2024-06-09T07:43:22","slug":"panino-per-hamburger-mybun-supersoffice","status":"publish","type":"product","link":"https:\/\/mybun.it\/privati\/prodotto\/panino-per-hamburger-mybun-supersoffice\/","title":{"rendered":"Panino per hamburger &#8211; myBun SuperSoffice"},"content":{"rendered":"","protected":false},"excerpt":{"rendered":"<p>Il bun pi\u00f9 innovativo che puoi trovare da noi.<br \/>\nRispetto agli altri bun, questo \u00e8 super soffice ed \u00e8 pi\u00f9 grande.<\/p>\n<p><strong><em>\u00c8 realizzato con latte intero che gli conferisce molta morbidezza, da qui il nome \u201cSuper Soffice\u201d.<\/em><\/strong><\/p>\n<p>Peso: 95 grammi l&#8217;uno<br \/>\nComoda confezione con 2 panini<br \/>\nDiametro compreso tra 12 e 13 cm<br \/>\n<em>Li spediremo con almeno 20 giorni di conservazione rimanente.<\/em><\/p>\n","protected":false},"featured_media":84,"comment_status":"open","ping_status":"closed","template":"","meta":[],"product_brand":[],"product_cat":[30,16,25],"product_tag":[],"class_list":{"0":"post-82","1":"product","2":"type-product","3":"status-publish","4":"has-post-thumbnail","6":"product_cat-confezione-da-2-pezzi","7":"product_cat-mybun-per-privati","8":"product_cat-mybun-supersoffice","10":"first","11":"instock","12":"taxable","13":"shipping-taxable","14":"purchasable","15":"product-type-simple"},"_links":{"self":[{"href":"https:\/\/mybun.it\/privati\/wp-json\/wp\/v2\/product\/82","targetHints":{"allow":["GET"]}}],"collection":[{"href":"https:\/\/mybun.it\/privati\/wp-json\/wp\/v2\/product"}],"about":[{"href":"https:\/\/mybun.it\/privati\/wp-json\/wp\/v2\/types\/product"}],"replies":[{"embeddable":true,"href":"https:\/\/mybun.it\/privati\/wp-json\/wp\/v2\/comments?post=82"}],"wp:featuredmedia":[{"embeddable":true,"href":"https:\/\/mybun.it\/privati\/wp-json\/wp\/v2\/media\/84"}],"wp:attachment":[{"href":"https:\/\/mybun.it\/privati\/wp-json\/wp\/v2\/media?parent=82"}],"wp:term":[{"taxonomy":"product_brand","embeddable":true,"href":"https:\/\/mybun.it\/privati\/wp-json\/wp\/v2\/product_brand?post=82"},{"taxonomy":"product_cat","embeddable":true,"href":"https:\/\/mybun.it\/privati\/wp-json\/wp\/v2\/product_cat?post=82"},{"taxonomy":"product_tag","embeddable":true,"href":"https:\/\/mybun.it\/privati\/wp-json\/wp\/v2\/product_tag?post=82"}],"curies":[{"name":"wp","href":"https:\/\/api.w.org\/{rel}","templated":true}]}}